{"id":44,"date":"2025-04-12T06:03:10","date_gmt":"2025-04-12T04:03:10","guid":{"rendered":"https:\/\/whysker.podcaster.de\/?page_id=44"},"modified":"2025-04-28T09:04:37","modified_gmt":"2025-04-28T07:04:37","slug":"unterstuetzen","status":"publish","type":"page","link":"https:\/\/whysker.podcaster.de\/?page_id=44","title":{"rendered":"Unterst\u00fctzen"},"content":{"rendered":"\n<p>Wenn dir der Podcast gef\u00e4llt, kannst du ihn gern durch den Kauf eines virtuellen Tees oder eines anderen Produktes im Whysker Shop unterst\u00fctzen. <\/p>\n\n\n\n<p><a href=\"https:\/\/whysker.de\/shop\">https:\/\/whysker.de\/shop<\/a><\/p>\n\n\n\n<p>Au\u00dferdem gibt es die M\u00f6glichkeit, direkt \u00fcber <a href=\"https:\/\/www.paypal.com\/donate\/?hosted_button_id=MVUVE535VS32A\" data-type=\"link\" data-id=\"https:\/\/www.paypal.com\/donate\/?hosted_button_id=MVUVE535VS32A\">PayPal<\/a> zu spenden.<\/p>\n\n\n\n<p>Vielen Dank!<\/p>\n\n\n\n<p><\/p>\n","protected":false},"excerpt":{"rendered":"<p>Wenn dir der Podcast gef\u00e4llt, kannst du ihn gern durch den Kauf eines virtuellen Tees oder eines anderen Produktes im Whysker Shop unterst\u00fctzen. https:\/\/whysker.de\/shop Au\u00dferdem gibt es die M\u00f6glichkeit, direkt \u00fcber PayPal zu spenden. Vielen Dank!<\/p>\n","protected":false},"author":16509,"featured_media":0,"parent":0,"menu_order":0,"comment_status":"closed","ping_status":"closed","template":"","meta":{"footnotes":""},"class_list":["post-44","page","type-page","status-publish","hentry"],"_links":{"self":[{"href":"https:\/\/whysker.podcaster.de\/index.php?rest_route=\/wp\/v2\/pages\/44","targetHints":{"allow":["GET"]}}],"collection":[{"href":"https:\/\/whysker.podcaster.de\/index.php?rest_route=\/wp\/v2\/pages"}],"about":[{"href":"https:\/\/whysker.podcaster.de\/index.php?rest_route=\/wp\/v2\/types\/page"}],"author":[{"embeddable":true,"href":"https:\/\/whysker.podcaster.de\/index.php?rest_route=\/wp\/v2\/users\/16509"}],"replies":[{"embeddable":true,"href":"https:\/\/whysker.podcaster.de\/index.php?rest_route=%2Fwp%2Fv2%2Fcomments&post=44"}],"version-history":[{"count":3,"href":"https:\/\/whysker.podcaster.de\/index.php?rest_route=\/wp\/v2\/pages\/44\/revisions"}],"predecessor-version":[{"id":95,"href":"https:\/\/whysker.podcaster.de\/index.php?rest_route=\/wp\/v2\/pages\/44\/revisions\/95"}],"wp:attachment":[{"href":"https:\/\/whysker.podcaster.de\/index.php?rest_route=%2Fwp%2Fv2%2Fmedia&parent=44"}],"curies":[{"name":"wp","href":"https:\/\/api.w.org\/{rel}","templated":true}]}}