{"id":84,"date":"2025-04-12T19:55:30","date_gmt":"2025-04-12T17:55:30","guid":{"rendered":"https:\/\/whysker.podcaster.de\/?page_id=84"},"modified":"2025-04-12T19:58:22","modified_gmt":"2025-04-12T17:58:22","slug":"whysker","status":"publish","type":"page","link":"https:\/\/whysker.podcaster.de\/?page_id=84","title":{"rendered":"Whysker"},"content":{"rendered":"\n<figure class=\"wp-block-image size-large\"><img loading=\"lazy\" decoding=\"async\" width=\"1024\" height=\"576\" src=\"https:\/\/whysker.podcaster.de\/files\/2025\/04\/Whysker3-1024x576.jpg\" alt=\"\" class=\"wp-image-86\" srcset=\"https:\/\/whysker.podcaster.de\/files\/2025\/04\/Whysker3-1024x576.jpg 1024w, https:\/\/whysker.podcaster.de\/files\/2025\/04\/Whysker3-300x169.jpg 300w, https:\/\/whysker.podcaster.de\/files\/2025\/04\/Whysker3-768x432.jpg 768w, https:\/\/whysker.podcaster.de\/files\/2025\/04\/Whysker3.jpg 1500w\" sizes=\"auto, (max-width: 1024px) 100vw, 1024px\" \/><\/figure>\n\n\n\n<p><\/p>\n\n\n\n<p>&#8222;Whysker&#8220; ist der K\u00fcnstlername des Musikers Willi Papperitz. Er gilt als einer der vielseitigsten s\u00e4chsischen Musiker.<\/p>\n\n\n\n<p>Neben seinen zahlreichen Veranstaltungen f\u00fcr Kinder und Erwachsene, leitet er auch Workshops, arbeitet als Sprecher, produziert Imagefilme, betreibt einen eigenen Podcast und begr\u00fc\u00dft regelm\u00e4\u00dfig musikalische G\u00e4ste in seinem Format &#8222;Whysker l\u00e4dt ein&#8220;.<\/p>\n\n\n\n<p>Willi Papperitz teilte sich die B\u00fchne bereits mit K\u00fcnstlern wie J\u00e4cki Reznicek (Silly), Holly Loose (Letzte Instanz), Linda Feller, Hans die Geige und vielen anderen namhaften Musikern.<\/p>\n\n\n\n<p>Weitere Informationen auf <a href=\"https:\/\/www.whysker.de\" data-type=\"link\" data-id=\"https:\/\/www.whysker.de\">whysker.de<\/a><\/p>\n\n\n<div class=\"wp-block-image\">\n<figure class=\"alignleft size-large\"><img loading=\"lazy\" decoding=\"async\" width=\"1024\" height=\"623\" src=\"https:\/\/whysker.podcaster.de\/files\/2025\/04\/Whysker2-1024x623.jpg\" alt=\"\" class=\"wp-image-85\" srcset=\"https:\/\/whysker.podcaster.de\/files\/2025\/04\/Whysker2-1024x623.jpg 1024w, https:\/\/whysker.podcaster.de\/files\/2025\/04\/Whysker2-300x183.jpg 300w, https:\/\/whysker.podcaster.de\/files\/2025\/04\/Whysker2-768x467.jpg 768w, https:\/\/whysker.podcaster.de\/files\/2025\/04\/Whysker2.jpg 1275w\" sizes=\"auto, (max-width: 1024px) 100vw, 1024px\" \/><\/figure>\n<\/div>","protected":false},"excerpt":{"rendered":"<p>&#8222;Whysker&#8220; ist der K\u00fcnstlername des Musikers Willi Papperitz. Er gilt als einer der vielseitigsten s\u00e4chsischen Musiker. Neben seinen zahlreichen Veranstaltungen f\u00fcr Kinder und Erwachsene, leitet er auch Workshops, arbeitet als Sprecher, produziert Imagefilme, betreibt einen eigenen Podcast und begr\u00fc\u00dft regelm\u00e4\u00dfig musikalische G\u00e4ste in seinem Format &#8222;Whysker l\u00e4dt ein&#8220;. Willi Papperitz teilte sich die B\u00fchne bereits &hellip; <a href=\"https:\/\/whysker.podcaster.de\/?page_id=84\" class=\"more-link\"><span class=\"screen-reader-text\">Whysker<\/span> weiterlesen <span class=\"meta-nav\">&rarr;<\/span><\/a><\/p>\n","protected":false},"author":16509,"featured_media":0,"parent":0,"menu_order":0,"comment_status":"closed","ping_status":"closed","template":"","meta":{"footnotes":""},"class_list":["post-84","page","type-page","status-publish","hentry"],"_links":{"self":[{"href":"https:\/\/whysker.podcaster.de\/index.php?rest_route=\/wp\/v2\/pages\/84","targetHints":{"allow":["GET"]}}],"collection":[{"href":"https:\/\/whysker.podcaster.de\/index.php?rest_route=\/wp\/v2\/pages"}],"about":[{"href":"https:\/\/whysker.podcaster.de\/index.php?rest_route=\/wp\/v2\/types\/page"}],"author":[{"embeddable":true,"href":"https:\/\/whysker.podcaster.de\/index.php?rest_route=\/wp\/v2\/users\/16509"}],"replies":[{"embeddable":true,"href":"https:\/\/whysker.podcaster.de\/index.php?rest_route=%2Fwp%2Fv2%2Fcomments&post=84"}],"version-history":[{"count":2,"href":"https:\/\/whysker.podcaster.de\/index.php?rest_route=\/wp\/v2\/pages\/84\/revisions"}],"predecessor-version":[{"id":89,"href":"https:\/\/whysker.podcaster.de\/index.php?rest_route=\/wp\/v2\/pages\/84\/revisions\/89"}],"wp:attachment":[{"href":"https:\/\/whysker.podcaster.de\/index.php?rest_route=%2Fwp%2Fv2%2Fmedia&parent=84"}],"curies":[{"name":"wp","href":"https:\/\/api.w.org\/{rel}","templated":true}]}}